{"id":121,"date":"2023-08-03T09:14:31","date_gmt":"2023-08-03T07:14:31","guid":{"rendered":"https:\/\/new2023.centrumjudaicum-berlin.de\/?page_id=121"},"modified":"2023-08-03T09:14:33","modified_gmt":"2023-08-03T07:14:33","slug":"provenienzforschung","status":"publish","type":"page","link":"https:\/\/centrumjudaicum.de\/en\/provenienzforschung\/","title":{"rendered":"Provenienzforschung"},"content":{"rendered":"","protected":false},"excerpt":{"rendered":"","protected":false},"author":1,"featured_media":0,"parent":0,"menu_order":0,"comment_status":"closed","ping_status":"closed","template":"","meta":{"_tec_requires_first_save":true,"_price":"","_stock":"","_tribe_ticket_header":"","_tribe_default_ticket_provider":"","_tribe_ticket_capacity":"0","_ticket_start_date":"","_ticket_end_date":"","_tribe_ticket_show_description":"","_tribe_ticket_show_not_going":false,"_tribe_ticket_use_global_stock":"","_tribe_ticket_global_stock_level":"","_global_stock_mode":"","_global_stock_cap":"","_tribe_rsvp_for_event":"","_tribe_ticket_going_count":"","_tribe_ticket_not_going_count":"","_tribe_tickets_list":"[]","_tribe_ticket_has_attendee_info_fields":false,"_EventAllDay":false,"_EventTimezone":"","_EventStartDate":"","_EventEndDate":"","_EventStartDateUTC":"","_EventEndDateUTC":"","_EventShowMap":false,"_EventShowMapLink":false,"_EventURL":"","_EventCost":"","_EventCostDescription":"","_EventCurrencySymbol":"","_EventCurrencyCode":"","_EventCurrencyPosition":"","_EventDateTimeSeparator":"","_EventTimeRangeSeparator":"","_EventOrganizerID":[],"_EventVenueID":[],"_OrganizerEmail":"","_OrganizerPhone":"","_OrganizerWebsite":"","_VenueAddress":"","_VenueCity":"","_VenueCountry":"","_VenueProvince":"","_VenueState":"","_VenueZip":"","_VenuePhone":"","_VenueURL":"","_VenueStateProvince":"","_VenueLat":"","_VenueLng":"","_VenueShowMap":false,"_VenueShowMapLink":false,"_tribe_blocks_recurrence_rules":"","_tribe_blocks_recurrence_description":"","_tribe_blocks_recurrence_exclusions":"","footnotes":"","_tec_slr_enabled":"","_tec_slr_layout":""},"class_list":["post-121","page","type-page","status-publish","hentry"],"yoast_head":"<!-- This site is optimized with the Yoast SEO Premium plugin v26.1 (Yoast SEO v27.4) - https:\/\/yoast.com\/product\/yoast-seo-premium-wordpress\/ -->\n<title>Provenienzforschung - Centrum Judaicum<\/title>\n<meta name=\"description\" content=\"Provenienzforschung im Centrum JudaicumIm Bibliotheksbestand der Stiftung Neue Synagoge Berlin \u2013 Centrum Judaicum befinden sich gegenw\u00e4rtig etwa 8.500 B\u00e4nde von Titeln, die vor 1945 publiziert wurden. Mehr als 2.500 Werke sind in hebr\u00e4ischer und jiddischer Sprache gehalten. Etwa jedes zweite bis dritte Exemplar dieser vor 1945 publizierten Judaica und Hebraica weisen verschiedene\" \/>\n<meta name=\"robots\" content=\"index, follow, max-snippet:-1, max-image-preview:large, max-video-preview:-1\" \/>\n<link rel=\"canonical\" href=\"https:\/\/centrumjudaicum.de\/en\/provenienzforschung\/\" \/>\n<meta property=\"og:locale\" content=\"en_US\" \/>\n<meta property=\"og:type\" content=\"article\" \/>\n<meta property=\"og:title\" content=\"Provenienzforschung\" \/>\n<meta property=\"og:description\" content=\"Provenienzforschung im Centrum JudaicumIm Bibliotheksbestand der Stiftung Neue Synagoge Berlin \u2013 Centrum Judaicum befinden sich gegenw\u00e4rtig etwa 8.500 B\u00e4nde von Titeln, die vor 1945 publiziert wurden. Mehr als 2.500 Werke sind in hebr\u00e4ischer und jiddischer Sprache gehalten. Etwa jedes zweite bis dritte Exemplar dieser vor 1945 publizierten Judaica und Hebraica weisen verschiedene\" \/>\n<meta property=\"og:url\" content=\"https:\/\/centrumjudaicum.de\/en\/provenienzforschung\/\" \/>\n<meta property=\"og:site_name\" content=\"Centrum Judaicum\" \/>\n<meta property=\"article:modified_time\" content=\"2023-08-03T07:14:33+00:00\" \/>\n<meta name=\"twitter:card\" content=\"summary_large_image\" \/>\n<script type=\"application\/ld+json\" class=\"yoast-schema-graph\">{\"@context\":\"https:\\\/\\\/schema.org\",\"@graph\":[{\"@type\":\"WebPage\",\"@id\":\"https:\\\/\\\/centrumjudaicum.de\\\/provenienzforschung\\\/\",\"url\":\"https:\\\/\\\/centrumjudaicum.de\\\/provenienzforschung\\\/\",\"name\":\"Provenienzforschung - Centrum Judaicum\",\"isPartOf\":{\"@id\":\"https:\\\/\\\/centrumjudaicum.de\\\/#website\"},\"datePublished\":\"2023-08-03T07:14:31+00:00\",\"dateModified\":\"2023-08-03T07:14:33+00:00\",\"description\":\"Provenienzforschung im Centrum JudaicumIm Bibliotheksbestand der Stiftung Neue Synagoge Berlin \u2013 Centrum Judaicum befinden sich gegenw\u00e4rtig etwa 8.500 B\u00e4nde von Titeln, die vor 1945 publiziert wurden. Mehr als 2.500 Werke sind in hebr\u00e4ischer und jiddischer Sprache gehalten. Etwa jedes zweite bis dritte Exemplar dieser vor 1945 publizierten Judaica und Hebraica weisen verschiedene\",\"breadcrumb\":{\"@id\":\"https:\\\/\\\/centrumjudaicum.de\\\/provenienzforschung\\\/#breadcrumb\"},\"inLanguage\":\"en-US\",\"potentialAction\":[{\"@type\":\"ReadAction\",\"target\":[\"https:\\\/\\\/centrumjudaicum.de\\\/provenienzforschung\\\/\"]}]},{\"@type\":\"BreadcrumbList\",\"@id\":\"https:\\\/\\\/centrumjudaicum.de\\\/provenienzforschung\\\/#breadcrumb\",\"itemListElement\":[{\"@type\":\"ListItem\",\"position\":1,\"name\":\"Home\",\"item\":\"https:\\\/\\\/centrumjudaicum.de\\\/\"},{\"@type\":\"ListItem\",\"position\":2,\"name\":\"Provenienzforschung\"}]},{\"@type\":\"WebSite\",\"@id\":\"https:\\\/\\\/centrumjudaicum.de\\\/#website\",\"url\":\"https:\\\/\\\/centrumjudaicum.de\\\/\",\"name\":\"Centrum Judaicum\",\"description\":\"\",\"publisher\":{\"@id\":\"https:\\\/\\\/centrumjudaicum.de\\\/#organization\"},\"potentialAction\":[{\"@type\":\"SearchAction\",\"target\":{\"@type\":\"EntryPoint\",\"urlTemplate\":\"https:\\\/\\\/centrumjudaicum.de\\\/?s={search_term_string}\"},\"query-input\":{\"@type\":\"PropertyValueSpecification\",\"valueRequired\":true,\"valueName\":\"search_term_string\"}}],\"inLanguage\":\"en-US\"},{\"@type\":\"Organization\",\"@id\":\"https:\\\/\\\/centrumjudaicum.de\\\/#organization\",\"name\":\"Centrum Judaicum\",\"url\":\"https:\\\/\\\/centrumjudaicum.de\\\/\",\"logo\":{\"@type\":\"ImageObject\",\"inLanguage\":\"en-US\",\"@id\":\"https:\\\/\\\/centrumjudaicum.de\\\/#\\\/schema\\\/logo\\\/image\\\/\",\"url\":\"https:\\\/\\\/centrumjudaicum.de\\\/wp-content\\\/uploads\\\/2022\\\/10\\\/Logo_Stiftung_Neue_Synagoge_Berlin_Gold_.png\",\"contentUrl\":\"https:\\\/\\\/centrumjudaicum.de\\\/wp-content\\\/uploads\\\/2022\\\/10\\\/Logo_Stiftung_Neue_Synagoge_Berlin_Gold_.png\",\"width\":1188,\"height\":409,\"caption\":\"Centrum Judaicum\"},\"image\":{\"@id\":\"https:\\\/\\\/centrumjudaicum.de\\\/#\\\/schema\\\/logo\\\/image\\\/\"}}]}<\/script>\n<!-- \/ Yoast SEO Premium plugin. -->","yoast_head_json":{"title":"Provenienzforschung - Centrum Judaicum","description":"Provenienzforschung im Centrum JudaicumIm Bibliotheksbestand der Stiftung Neue Synagoge Berlin \u2013 Centrum Judaicum befinden sich gegenw\u00e4rtig etwa 8.500 B\u00e4nde von Titeln, die vor 1945 publiziert wurden. Mehr als 2.500 Werke sind in hebr\u00e4ischer und jiddischer Sprache gehalten. Etwa jedes zweite bis dritte Exemplar dieser vor 1945 publizierten Judaica und Hebraica weisen verschiedene","robots":{"index":"index","follow":"follow","max-snippet":"max-snippet:-1","max-image-preview":"max-image-preview:large","max-video-preview":"max-video-preview:-1"},"canonical":"https:\/\/centrumjudaicum.de\/en\/provenienzforschung\/","og_locale":"en_US","og_type":"article","og_title":"Provenienzforschung","og_description":"Provenienzforschung im Centrum JudaicumIm Bibliotheksbestand der Stiftung Neue Synagoge Berlin \u2013 Centrum Judaicum befinden sich gegenw\u00e4rtig etwa 8.500 B\u00e4nde von Titeln, die vor 1945 publiziert wurden. Mehr als 2.500 Werke sind in hebr\u00e4ischer und jiddischer Sprache gehalten. Etwa jedes zweite bis dritte Exemplar dieser vor 1945 publizierten Judaica und Hebraica weisen verschiedene","og_url":"https:\/\/centrumjudaicum.de\/en\/provenienzforschung\/","og_site_name":"Centrum Judaicum","article_modified_time":"2023-08-03T07:14:33+00:00","twitter_card":"summary_large_image","schema":{"@context":"https:\/\/schema.org","@graph":[{"@type":"WebPage","@id":"https:\/\/centrumjudaicum.de\/provenienzforschung\/","url":"https:\/\/centrumjudaicum.de\/provenienzforschung\/","name":"Provenienzforschung - Centrum Judaicum","isPartOf":{"@id":"https:\/\/centrumjudaicum.de\/#website"},"datePublished":"2023-08-03T07:14:31+00:00","dateModified":"2023-08-03T07:14:33+00:00","description":"Provenienzforschung im Centrum JudaicumIm Bibliotheksbestand der Stiftung Neue Synagoge Berlin \u2013 Centrum Judaicum befinden sich gegenw\u00e4rtig etwa 8.500 B\u00e4nde von Titeln, die vor 1945 publiziert wurden. Mehr als 2.500 Werke sind in hebr\u00e4ischer und jiddischer Sprache gehalten. Etwa jedes zweite bis dritte Exemplar dieser vor 1945 publizierten Judaica und Hebraica weisen verschiedene","breadcrumb":{"@id":"https:\/\/centrumjudaicum.de\/provenienzforschung\/#breadcrumb"},"inLanguage":"en-US","potentialAction":[{"@type":"ReadAction","target":["https:\/\/centrumjudaicum.de\/provenienzforschung\/"]}]},{"@type":"BreadcrumbList","@id":"https:\/\/centrumjudaicum.de\/provenienzforschung\/#breadcrumb","itemListElement":[{"@type":"ListItem","position":1,"name":"Home","item":"https:\/\/centrumjudaicum.de\/"},{"@type":"ListItem","position":2,"name":"Provenienzforschung"}]},{"@type":"WebSite","@id":"https:\/\/centrumjudaicum.de\/#website","url":"https:\/\/centrumjudaicum.de\/","name":"Centrum Judaicum","description":"","publisher":{"@id":"https:\/\/centrumjudaicum.de\/#organization"},"potentialAction":[{"@type":"SearchAction","target":{"@type":"EntryPoint","urlTemplate":"https:\/\/centrumjudaicum.de\/?s={search_term_string}"},"query-input":{"@type":"PropertyValueSpecification","valueRequired":true,"valueName":"search_term_string"}}],"inLanguage":"en-US"},{"@type":"Organization","@id":"https:\/\/centrumjudaicum.de\/#organization","name":"Centrum Judaicum","url":"https:\/\/centrumjudaicum.de\/","logo":{"@type":"ImageObject","inLanguage":"en-US","@id":"https:\/\/centrumjudaicum.de\/#\/schema\/logo\/image\/","url":"https:\/\/centrumjudaicum.de\/wp-content\/uploads\/2022\/10\/Logo_Stiftung_Neue_Synagoge_Berlin_Gold_.png","contentUrl":"https:\/\/centrumjudaicum.de\/wp-content\/uploads\/2022\/10\/Logo_Stiftung_Neue_Synagoge_Berlin_Gold_.png","width":1188,"height":409,"caption":"Centrum Judaicum"},"image":{"@id":"https:\/\/centrumjudaicum.de\/#\/schema\/logo\/image\/"}}]}},"ticketed":false,"_links":{"self":[{"href":"https:\/\/centrumjudaicum.de\/en\/wp-json\/wp\/v2\/pages\/121","targetHints":{"allow":["GET"]}}],"collection":[{"href":"https:\/\/centrumjudaicum.de\/en\/wp-json\/wp\/v2\/pages"}],"about":[{"href":"https:\/\/centrumjudaicum.de\/en\/wp-json\/wp\/v2\/types\/page"}],"author":[{"embeddable":true,"href":"https:\/\/centrumjudaicum.de\/en\/wp-json\/wp\/v2\/users\/1"}],"replies":[{"embeddable":true,"href":"https:\/\/centrumjudaicum.de\/en\/wp-json\/wp\/v2\/comments?post=121"}],"version-history":[{"count":1,"href":"https:\/\/centrumjudaicum.de\/en\/wp-json\/wp\/v2\/pages\/121\/revisions"}],"predecessor-version":[{"id":122,"href":"https:\/\/centrumjudaicum.de\/en\/wp-json\/wp\/v2\/pages\/121\/revisions\/122"}],"wp:attachment":[{"href":"https:\/\/centrumjudaicum.de\/en\/wp-json\/wp\/v2\/media?parent=121"}],"curies":[{"name":"wp","href":"https:\/\/api.w.org\/{rel}","templated":true}]}}