{"id":25027,"date":"2025-08-05T12:59:54","date_gmt":"2025-08-05T10:59:54","guid":{"rendered":"https:\/\/centrumjudaicum.de\/?page_id=25027"},"modified":"2025-08-05T13:16:43","modified_gmt":"2025-08-05T11:16:43","slug":"vision-und-auftrag","status":"publish","type":"page","link":"https:\/\/centrumjudaicum.de\/en\/vision-und-auftrag\/","title":{"rendered":"Our vision"},"content":{"rendered":"<div data-elementor-type=\"wp-page\" data-elementor-id=\"25027\" class=\"elementor elementor-25027\" data-elementor-post-type=\"page\">\n\t\t\t\t<div class=\"elementor-element elementor-element-7c9b40a e-flex e-con-boxed e-con e-parent\" data-id=\"7c9b40a\" data-element_type=\"container\" data-e-type=\"container\">\n\t\t\t\t\t<div class=\"e-con-inner\">\n\t\t\t\t<div class=\"elementor-element elementor-element-f89a6b6 elementor-widget elementor-widget-spacer\" data-id=\"f89a6b6\" data-element_type=\"widget\" data-e-type=\"widget\" data-widget_type=\"spacer.default\">\n\t\t\t\t<div class=\"elementor-widget-container\">\n\t\t\t\t\t\t\t<div class=\"elementor-spacer\">\n\t\t\t<div class=\"elementor-spacer-inner\"><\/div>\n\t\t<\/div>\n\t\t\t\t\t\t<\/div>\n\t\t\t\t<\/div>\n\t\t\t\t\t<\/div>\n\t\t\t\t<\/div>\n\t\t\t\t<section class=\"elementor-section elementor-top-section elementor-element elementor-element-5baacbf9 elementor-section-boxed elementor-section-height-default elementor-section-height-default\" data-id=\"5baacbf9\" data-element_type=\"section\" data-e-type=\"section\">\n\t\t\t\t\t\t<div class=\"elementor-container elementor-column-gap-default\">\n\t\t\t\t\t<div class=\"elementor-column elementor-col-100 elementor-top-column elementor-element elementor-element-1910465\" data-id=\"1910465\" data-element_type=\"column\" data-e-type=\"column\">\n\t\t\t<div class=\"elementor-widget-wrap elementor-element-populated\">\n\t\t\t\t\t\t<div class=\"elementor-element elementor-element-1779c143 elementor-widget elementor-widget-heading\" data-id=\"1779c143\" data-element_type=\"widget\" data-e-type=\"widget\" data-widget_type=\"heading.default\">\n\t\t\t\t<div class=\"elementor-widget-container\">\n\t\t\t\t\t<h2 class=\"elementor-heading-title elementor-size-default\">Our vision<\/h2>\t\t\t\t<\/div>\n\t\t\t\t<\/div>\n\t\t\t\t\t<\/div>\n\t\t<\/div>\n\t\t\t\t\t<\/div>\n\t\t<\/section>\n\t\t\t\t<section class=\"elementor-section elementor-top-section elementor-element elementor-element-4d17dfa8 elementor-section-boxed elementor-section-height-default elementor-section-height-default\" data-id=\"4d17dfa8\" data-element_type=\"section\" data-e-type=\"section\">\n\t\t\t\t\t\t<div class=\"elementor-container elementor-column-gap-default\">\n\t\t\t\t\t<div class=\"elementor-column elementor-col-100 elementor-top-column elementor-element elementor-element-242015d0\" data-id=\"242015d0\" data-element_type=\"column\" data-e-type=\"column\">\n\t\t\t<div class=\"elementor-widget-wrap elementor-element-populated\">\n\t\t\t\t\t\t<div class=\"elementor-element elementor-element-23c5696b elementor-widget elementor-widget-text-editor\" data-id=\"23c5696b\" data-element_type=\"widget\" data-e-type=\"widget\" data-widget_type=\"text-editor.default\">\n\t\t\t\t<div class=\"elementor-widget-container\">\n\t\t\t\t\t\t\t\t\t<h3><strong>J\u00fcdisch \u2013 Berlinerisch \u2013 Mittendrin<\/strong><\/h3><p><!-- \/wp:heading --><\/p><p><!-- wp:image {\"id\":10487} --><\/p><figure class=\"wp-block-image\"><img decoding=\"async\" class=\"wp-image-10487\" title=\"Er\u00f6ffnung-1995-(c)-CJ-Margit-Billeb\" src=\"https:\/\/old.centrumjudaicum-berlin.de\/wp-content\/uploads\/2021\/05\/Er%C3%B6ffnung-1995-c-CJ-Margit-Billeb.jpg\" alt=\"\" \/><\/figure><p><!-- \/wp:image --><\/p><p><!-- wp:paragraph --><\/p><h3><strong>Unser Profil: Wir sind Museum, wir sind Heute \u2013 und wir sind Berlin!<br \/><br \/><\/strong><\/h3><p><strong>Unser Ort:<\/strong> <br \/>ist die 1866 eingeweihte Neue Synagoge \u2013 die gr\u00f6\u00dfte, die es in Deutschland je gab. Berlin war eines der Zentren des Europ\u00e4ischen Judentums. Das Haus ist heute ein teilrekonstruierter Erinnerungsraum, ein oft gezeigtes Wahrzeichen Berlins und ein Symbol f\u00fcr selbstbewusstes j\u00fcdisches Leben. Der Prachtbau wurde gezielt in der historischen Stadtmitte angesiedelt und stand als architektonisches Zeugnis f\u00fcr das Selbstverst\u00e4ndnis, deutsch, berlinerisch und j\u00fcdisch gleicherma\u00dfen zu sein. Heute wieder Sitz der J\u00fcdischen Gemeinde zu Berlin, ist das Haus mit den goldenen Kuppeln ein Ort gelebter Religion, Kultur und Geselligkeit, an dem sich Erinnerung und Gegenwart im ikonischen Denkmal vereinen. F\u00fcr uns ist das Geb\u00e4ude Hauptobjekt und Inspiration.<\/p><p><strong>Unser Thema: Plurale Judent\u00fcmer in Berlins Geschichte und Gegenwart.<\/strong> <br \/>Mittendrin an diesem einzigartigen Ort j\u00fcdischer Geschichte und Gegenwart nehmen wir beide in den Blick. Wir zeigen vielf\u00e4ltige Perspektiven und Traditionen. Bei uns erleben Menschen hautnah j\u00fcdische Lebenswelten in ihrer Unterschiedlichkeit. Wir erz\u00e4hlen vom j\u00fcdischen Berlin als Bestandteil der Stadt, seiner (inter)nationalen Bedeutung und Reichweite sowie von Beziehungsgeschichten mit nichtj\u00fcdischen Stadtgesellschaften.<\/p><p><strong>Unsere Aufgabe:<\/strong> <br \/>Mit unseren Ausstellungen, Bildungsformaten und Veranstaltungen vermitteln wir und bieten Raum f\u00fcr Dialog und Entdeckung. Insbesondere unser historisches Archiv macht uns zu einer herausragenden Ged\u00e4chtnisinstitution. Mit seinen beispiellosen Best\u00e4nden aus dem fr\u00fcheren Gesamtarchiv der deutschen Juden z\u00e4hlt es zu den weltweit bedeutendsten Archiven zur j\u00fcdischen Geschichte in Deutschland. Es ist ein Ort der Begegnung mit der Vergangenheit und unentbehrliche Ressource f\u00fcr die Erforschung des j\u00fcdischen Kulturerbes.<\/p><h3><strong><img decoding=\"async\" class=\"wp-image-3025\" title=\"2.10_ Neue Synagoge, historische Aufnahme um 1900, \u00a9 Centrum Judaicum Berlin\" src=\"https:\/\/old.centrumjudaicum-berlin.de\/wp-content\/uploads\/2020\/02\/2.10_-Neue-Synagoge-historische-Aufnahme-um-1900-%C2%A9-Centrum-Judaicum-Berlin.jpg\" alt=\"\" \/><br \/>Unsere Positionierung. Wof\u00fcr wir stehen:<\/strong><\/h3><p><strong><br \/>Ein Ort f\u00fcr Viele und mit Vielen.<\/strong> <br \/>Wir nehmen das \u201eTuet auf die Pforten\u201c \u00fcber den alten Portalen der Synagoge ernst, sprechen viele Menschen an und wollen neugierig machen. Daher richten wir unsere Arbeit an diverse \u00d6ffentlichkeiten und legen Wert auf deren Teilhabe auf Augenh\u00f6he. Wir bieten einen Raum zum Austausch, vermitteln und lernen gemeinsam.<\/p><p><strong>Respekt und Empathie.<\/strong> <br \/>Eine respektvolle Debattenkultur ist uns wichtig. Dialogisches Zuh\u00f6ren und Perspektivenvielfalt sind unsere Grundprinzipien. Damit wollen wir Polarisierung entgegentreten und demokratisches Denken f\u00f6rdern. Wir wenden uns gegen jeden Antisemitismus und jede Form gruppenbezogener Menschenfeindlichkeit.<\/p><p><strong>Denk-mal! Nachdenken und Relevanz.<\/strong> <br \/>Wir \u00fcberlegen bei all unseren Themen deren Bedeutung f\u00fcr das Heute. Wir stellen Bez\u00fcge zu aktuellen Debatten her, nutzen kreative Forschungsans\u00e4tze und probieren Neues aus.<\/p><p><strong>J\u00fcdische Erfahrungen, universale Fragen.<\/strong> <br \/>Inklusion und Akzeptanz von Differenz, die Mechanismen von Exklusion, Diskriminierung und Verfolgung halten wir f\u00fcr universale gesellschaftspolitische Themen. Als j\u00fcdisches Museum fragen wir, inwieweit sich diese in j\u00fcdischen Erfahrungen spiegeln.<\/p><p><strong>Verantwortung, Nachhaltigkeit und Zukunft.<\/strong> <br \/>Unser Archiv und unsere Sammlung beinhalten wertvolle Zeugnisse des j\u00fcdischen Kulturgutes. Wir tragen Verantwortung f\u00fcr deren nachhaltige Bewahrung und Zug\u00e4nglichkeit sowie daf\u00fcr, dass diese Zeugnisse f\u00fcr unsere Gesellschaft relevant bleiben.<\/p><p><!-- \/wp:paragraph --><\/p><p><!-- wp:image {\"id\":3025} --><\/p><p><!-- \/wp:image --><\/p><p><!-- wp:heading --><\/p><p><!-- \/wp:image --><\/p>\t\t\t\t\t\t\t\t<\/div>\n\t\t\t\t<\/div>\n\t\t\t\t\t<\/div>\n\t\t<\/div>\n\t\t\t\t\t<\/div>\n\t\t<\/section>\n\t\t<div class=\"elementor-element elementor-element-1dec639 e-flex e-con-boxed e-con e-parent\" data-id=\"1dec639\" data-element_type=\"container\" data-e-type=\"container\">\n\t\t\t\t\t<div class=\"e-con-inner\">\n\t\t\t\t<div class=\"elementor-element elementor-element-1afe57d elementor-widget elementor-widget-spacer\" data-id=\"1afe57d\" data-element_type=\"widget\" data-e-type=\"widget\" data-widget_type=\"spacer.default\">\n\t\t\t\t<div class=\"elementor-widget-container\">\n\t\t\t\t\t\t\t<div class=\"elementor-spacer\">\n\t\t\t<div class=\"elementor-spacer-inner\"><\/div>\n\t\t<\/div>\n\t\t\t\t\t\t<\/div>\n\t\t\t\t<\/div>\n\t\t\t\t\t<\/div>\n\t\t\t\t<\/div>\n\t\t\t\t<\/div>","protected":false},"excerpt":{"rendered":"<p>Vision und Auftrag J\u00fcdisch \u2013 Berlinerisch \u2013 Mittendrin Unser Profil: Wir sind Museum, wir sind Heute \u2013 und wir sind Berlin! Unser Ort: ist die 1866 eingeweihte Neue Synagoge \u2013 [&hellip;]<\/p>\n","protected":false},"author":3,"featured_media":0,"parent":0,"menu_order":0,"comment_status":"closed","ping_status":"closed","template":"elementor_header_footer","meta":{"_tec_requires_first_save":true,"_price":"","_stock":"","_tribe_ticket_header":"","_tribe_default_ticket_provider":"","_tribe_ticket_capacity":"0","_ticket_start_date":"","_ticket_end_date":"","_tribe_ticket_show_description":"","_tribe_ticket_show_not_going":false,"_tribe_ticket_use_global_stock":"","_tribe_ticket_global_stock_level":"","_global_stock_mode":"","_global_stock_cap":"","_tribe_rsvp_for_event":"","_tribe_ticket_going_count":"","_tribe_ticket_not_going_count":"","_tribe_tickets_list":"[]","_tribe_ticket_has_attendee_info_fields":false,"_EventAllDay":false,"_EventTimezone":"","_EventStartDate":"","_EventEndDate":"","_EventStartDateUTC":"","_EventEndDateUTC":"","_EventShowMap":false,"_EventShowMapLink":false,"_EventURL":"","_EventCost":"","_EventCostDescription":"","_EventCurrencySymbol":"","_EventCurrencyCode":"","_EventCurrencyPosition":"","_EventDateTimeSeparator":"","_EventTimeRangeSeparator":"","_EventOrganizerID":[],"_EventVenueID":[],"_OrganizerEmail":"","_OrganizerPhone":"","_OrganizerWebsite":"","_VenueAddress":"","_VenueCity":"","_VenueCountry":"","_VenueProvince":"","_VenueState":"","_VenueZip":"","_VenuePhone":"","_VenueURL":"","_VenueStateProvince":"","_VenueLat":"","_VenueLng":"","_VenueShowMap":false,"_VenueShowMapLink":false,"_tribe_blocks_recurrence_rules":"","_tribe_blocks_recurrence_description":"","_tribe_blocks_recurrence_exclusions":"","footnotes":"","_tec_slr_enabled":"","_tec_slr_layout":""},"class_list":["post-25027","page","type-page","status-publish","hentry"],"yoast_head":"<!-- This site is optimized with the Yoast SEO Premium plugin v26.1 (Yoast SEO v27.3) - https:\/\/yoast.com\/product\/yoast-seo-premium-wordpress\/ -->\n<title>Vision und Auftrag - Centrum Judaicum<\/title>\n<meta name=\"robots\" content=\"index, follow, max-snippet:-1, max-image-preview:large, max-video-preview:-1\" \/>\n<link rel=\"canonical\" href=\"https:\/\/centrumjudaicum.de\/en\/vision-und-auftrag\/\" \/>\n<meta property=\"og:locale\" content=\"en_US\" \/>\n<meta property=\"og:type\" content=\"article\" \/>\n<meta property=\"og:title\" content=\"Vision und Auftrag\" \/>\n<meta property=\"og:description\" content=\"Vision und Auftrag J\u00fcdisch \u2013 Berlinerisch \u2013 Mittendrin Unser Profil: Wir sind Museum, wir sind Heute \u2013 und wir sind Berlin! Unser Ort: ist die 1866 eingeweihte Neue Synagoge \u2013 [&hellip;]\" \/>\n<meta property=\"og:url\" content=\"https:\/\/centrumjudaicum.de\/en\/vision-und-auftrag\/\" \/>\n<meta property=\"og:site_name\" content=\"Centrum Judaicum\" \/>\n<meta property=\"article:modified_time\" content=\"2025-08-05T11:16:43+00:00\" \/>\n<meta name=\"twitter:card\" content=\"summary_large_image\" \/>\n<meta name=\"twitter:label1\" content=\"Est. reading time\" \/>\n\t<meta name=\"twitter:data1\" content=\"3 minutes\" \/>\n<script type=\"application\/ld+json\" class=\"yoast-schema-graph\">{\"@context\":\"https:\\\/\\\/schema.org\",\"@graph\":[{\"@type\":\"WebPage\",\"@id\":\"https:\\\/\\\/centrumjudaicum.de\\\/vision-und-auftrag\\\/\",\"url\":\"https:\\\/\\\/centrumjudaicum.de\\\/vision-und-auftrag\\\/\",\"name\":\"Vision und Auftrag - Centrum Judaicum\",\"isPartOf\":{\"@id\":\"https:\\\/\\\/centrumjudaicum.de\\\/#website\"},\"primaryImageOfPage\":{\"@id\":\"https:\\\/\\\/centrumjudaicum.de\\\/vision-und-auftrag\\\/#primaryimage\"},\"image\":{\"@id\":\"https:\\\/\\\/centrumjudaicum.de\\\/vision-und-auftrag\\\/#primaryimage\"},\"thumbnailUrl\":\"https:\\\/\\\/old.centrumjudaicum-berlin.de\\\/wp-content\\\/uploads\\\/2021\\\/05\\\/Er%C3%B6ffnung-1995-c-CJ-Margit-Billeb.jpg\",\"datePublished\":\"2025-08-05T10:59:54+00:00\",\"dateModified\":\"2025-08-05T11:16:43+00:00\",\"breadcrumb\":{\"@id\":\"https:\\\/\\\/centrumjudaicum.de\\\/vision-und-auftrag\\\/#breadcrumb\"},\"inLanguage\":\"en-US\",\"potentialAction\":[{\"@type\":\"ReadAction\",\"target\":[\"https:\\\/\\\/centrumjudaicum.de\\\/vision-und-auftrag\\\/\"]}]},{\"@type\":\"ImageObject\",\"inLanguage\":\"en-US\",\"@id\":\"https:\\\/\\\/centrumjudaicum.de\\\/vision-und-auftrag\\\/#primaryimage\",\"url\":\"https:\\\/\\\/old.centrumjudaicum-berlin.de\\\/wp-content\\\/uploads\\\/2021\\\/05\\\/Er%C3%B6ffnung-1995-c-CJ-Margit-Billeb.jpg\",\"contentUrl\":\"https:\\\/\\\/old.centrumjudaicum-berlin.de\\\/wp-content\\\/uploads\\\/2021\\\/05\\\/Er%C3%B6ffnung-1995-c-CJ-Margit-Billeb.jpg\"},{\"@type\":\"BreadcrumbList\",\"@id\":\"https:\\\/\\\/centrumjudaicum.de\\\/vision-und-auftrag\\\/#breadcrumb\",\"itemListElement\":[{\"@type\":\"ListItem\",\"position\":1,\"name\":\"Home\",\"item\":\"https:\\\/\\\/centrumjudaicum.de\\\/\"},{\"@type\":\"ListItem\",\"position\":2,\"name\":\"Vision und Auftrag\"}]},{\"@type\":\"WebSite\",\"@id\":\"https:\\\/\\\/centrumjudaicum.de\\\/#website\",\"url\":\"https:\\\/\\\/centrumjudaicum.de\\\/\",\"name\":\"Centrum Judaicum\",\"description\":\"\",\"publisher\":{\"@id\":\"https:\\\/\\\/centrumjudaicum.de\\\/#organization\"},\"potentialAction\":[{\"@type\":\"SearchAction\",\"target\":{\"@type\":\"EntryPoint\",\"urlTemplate\":\"https:\\\/\\\/centrumjudaicum.de\\\/?s={search_term_string}\"},\"query-input\":{\"@type\":\"PropertyValueSpecification\",\"valueRequired\":true,\"valueName\":\"search_term_string\"}}],\"inLanguage\":\"en-US\"},{\"@type\":\"Organization\",\"@id\":\"https:\\\/\\\/centrumjudaicum.de\\\/#organization\",\"name\":\"Centrum Judaicum\",\"url\":\"https:\\\/\\\/centrumjudaicum.de\\\/\",\"logo\":{\"@type\":\"ImageObject\",\"inLanguage\":\"en-US\",\"@id\":\"https:\\\/\\\/centrumjudaicum.de\\\/#\\\/schema\\\/logo\\\/image\\\/\",\"url\":\"https:\\\/\\\/centrumjudaicum.de\\\/wp-content\\\/uploads\\\/2022\\\/10\\\/Logo_Stiftung_Neue_Synagoge_Berlin_Gold_.png\",\"contentUrl\":\"https:\\\/\\\/centrumjudaicum.de\\\/wp-content\\\/uploads\\\/2022\\\/10\\\/Logo_Stiftung_Neue_Synagoge_Berlin_Gold_.png\",\"width\":1188,\"height\":409,\"caption\":\"Centrum Judaicum\"},\"image\":{\"@id\":\"https:\\\/\\\/centrumjudaicum.de\\\/#\\\/schema\\\/logo\\\/image\\\/\"}}]}<\/script>\n<!-- \/ Yoast SEO Premium plugin. -->","yoast_head_json":{"title":"Vision und Auftrag - Centrum Judaicum","robots":{"index":"index","follow":"follow","max-snippet":"max-snippet:-1","max-image-preview":"max-image-preview:large","max-video-preview":"max-video-preview:-1"},"canonical":"https:\/\/centrumjudaicum.de\/en\/vision-und-auftrag\/","og_locale":"en_US","og_type":"article","og_title":"Vision und Auftrag","og_description":"Vision und Auftrag J\u00fcdisch \u2013 Berlinerisch \u2013 Mittendrin Unser Profil: Wir sind Museum, wir sind Heute \u2013 und wir sind Berlin! Unser Ort: ist die 1866 eingeweihte Neue Synagoge \u2013 [&hellip;]","og_url":"https:\/\/centrumjudaicum.de\/en\/vision-und-auftrag\/","og_site_name":"Centrum Judaicum","article_modified_time":"2025-08-05T11:16:43+00:00","twitter_card":"summary_large_image","twitter_misc":{"Est. reading time":"3 minutes"},"schema":{"@context":"https:\/\/schema.org","@graph":[{"@type":"WebPage","@id":"https:\/\/centrumjudaicum.de\/vision-und-auftrag\/","url":"https:\/\/centrumjudaicum.de\/vision-und-auftrag\/","name":"Vision und Auftrag - Centrum Judaicum","isPartOf":{"@id":"https:\/\/centrumjudaicum.de\/#website"},"primaryImageOfPage":{"@id":"https:\/\/centrumjudaicum.de\/vision-und-auftrag\/#primaryimage"},"image":{"@id":"https:\/\/centrumjudaicum.de\/vision-und-auftrag\/#primaryimage"},"thumbnailUrl":"https:\/\/old.centrumjudaicum-berlin.de\/wp-content\/uploads\/2021\/05\/Er%C3%B6ffnung-1995-c-CJ-Margit-Billeb.jpg","datePublished":"2025-08-05T10:59:54+00:00","dateModified":"2025-08-05T11:16:43+00:00","breadcrumb":{"@id":"https:\/\/centrumjudaicum.de\/vision-und-auftrag\/#breadcrumb"},"inLanguage":"en-US","potentialAction":[{"@type":"ReadAction","target":["https:\/\/centrumjudaicum.de\/vision-und-auftrag\/"]}]},{"@type":"ImageObject","inLanguage":"en-US","@id":"https:\/\/centrumjudaicum.de\/vision-und-auftrag\/#primaryimage","url":"https:\/\/old.centrumjudaicum-berlin.de\/wp-content\/uploads\/2021\/05\/Er%C3%B6ffnung-1995-c-CJ-Margit-Billeb.jpg","contentUrl":"https:\/\/old.centrumjudaicum-berlin.de\/wp-content\/uploads\/2021\/05\/Er%C3%B6ffnung-1995-c-CJ-Margit-Billeb.jpg"},{"@type":"BreadcrumbList","@id":"https:\/\/centrumjudaicum.de\/vision-und-auftrag\/#breadcrumb","itemListElement":[{"@type":"ListItem","position":1,"name":"Home","item":"https:\/\/centrumjudaicum.de\/"},{"@type":"ListItem","position":2,"name":"Vision und Auftrag"}]},{"@type":"WebSite","@id":"https:\/\/centrumjudaicum.de\/#website","url":"https:\/\/centrumjudaicum.de\/","name":"Centrum Judaicum","description":"","publisher":{"@id":"https:\/\/centrumjudaicum.de\/#organization"},"potentialAction":[{"@type":"SearchAction","target":{"@type":"EntryPoint","urlTemplate":"https:\/\/centrumjudaicum.de\/?s={search_term_string}"},"query-input":{"@type":"PropertyValueSpecification","valueRequired":true,"valueName":"search_term_string"}}],"inLanguage":"en-US"},{"@type":"Organization","@id":"https:\/\/centrumjudaicum.de\/#organization","name":"Centrum Judaicum","url":"https:\/\/centrumjudaicum.de\/","logo":{"@type":"ImageObject","inLanguage":"en-US","@id":"https:\/\/centrumjudaicum.de\/#\/schema\/logo\/image\/","url":"https:\/\/centrumjudaicum.de\/wp-content\/uploads\/2022\/10\/Logo_Stiftung_Neue_Synagoge_Berlin_Gold_.png","contentUrl":"https:\/\/centrumjudaicum.de\/wp-content\/uploads\/2022\/10\/Logo_Stiftung_Neue_Synagoge_Berlin_Gold_.png","width":1188,"height":409,"caption":"Centrum Judaicum"},"image":{"@id":"https:\/\/centrumjudaicum.de\/#\/schema\/logo\/image\/"}}]}},"ticketed":false,"_links":{"self":[{"href":"https:\/\/centrumjudaicum.de\/en\/wp-json\/wp\/v2\/pages\/25027","targetHints":{"allow":["GET"]}}],"collection":[{"href":"https:\/\/centrumjudaicum.de\/en\/wp-json\/wp\/v2\/pages"}],"about":[{"href":"https:\/\/centrumjudaicum.de\/en\/wp-json\/wp\/v2\/types\/page"}],"author":[{"embeddable":true,"href":"https:\/\/centrumjudaicum.de\/en\/wp-json\/wp\/v2\/users\/3"}],"replies":[{"embeddable":true,"href":"https:\/\/centrumjudaicum.de\/en\/wp-json\/wp\/v2\/comments?post=25027"}],"version-history":[{"count":10,"href":"https:\/\/centrumjudaicum.de\/en\/wp-json\/wp\/v2\/pages\/25027\/revisions"}],"predecessor-version":[{"id":25038,"href":"https:\/\/centrumjudaicum.de\/en\/wp-json\/wp\/v2\/pages\/25027\/revisions\/25038"}],"wp:attachment":[{"href":"https:\/\/centrumjudaicum.de\/en\/wp-json\/wp\/v2\/media?parent=25027"}],"curies":[{"name":"wp","href":"https:\/\/api.w.org\/{rel}","templated":true}]}}